{"id":2,"date":"2016-10-17T18:01:19","date_gmt":"2016-10-17T16:01:19","guid":{"rendered":"http:\/\/autoglas-avanti.de\/wordpress?page_id=2"},"modified":"2019-05-12T09:29:43","modified_gmt":"2019-05-12T07:29:43","slug":"beispiel-seite","status":"publish","type":"page","link":"https:\/\/www.avanti-autoglas.de\/","title":{"rendered":"Startseite"},"content":{"rendered":"<div align=\"left\">\n<h1 align=\"left\">Sch\u00f6n, das Sie auf unsere Webseite schauen!<\/h1>\n<\/div>\n<p>Sie sind auf der Webseite &#8220; Avanti Autoglas&#8220; angekommen. Wir sind ein Fachbetrieb f\u00fcr Reparaturen und Instandsetzungen aller Art f\u00fcr PKW, Motorr\u00e4der &amp; Roller, insbesondere f\u00fcr die Reparaturen von Autoglas,\u00a0 im KFZ Gewerbe.\u00a0 F\u00fcr die Reparaturen stehen 2 gro\u00dfe Werkhallen mit drei Hebeb\u00fchnen zur Verf\u00fcgung. Unser Fachbetrieb garantiert Ihnen kurze Standzeiten und schnellen Abhol- und Bringservice. Wir verwenden nur Qualit\u00e4tsprodukte von Zulieferern der Autoindustrie. Zufriedene Kunden sind unser oberstes Gebot.<\/p>\n<p><a href=\"https:\/\/www.avanti-autoglas.de\/wordpress\/wp-content\/uploads\/2016\/10\/bus_gelb_blass.jpg\" target=\"_blank\" rel=\"noopener noreferrer\"><img loading=\"lazy\" decoding=\"async\" class=\"aligncenter wp-image-29 size-full\" src=\"https:\/\/www.avanti-autoglas.de\/wp-content\/uploads\/2016\/10\/bus_gelb_blass.jpg\" alt=\"bus_gelb_blass\" width=\"548\" height=\"273\" srcset=\"https:\/\/www.avanti-autoglas.de\/wp-content\/uploads\/2016\/10\/bus_gelb_blass.jpg 548w, https:\/\/www.avanti-autoglas.de\/wp-content\/uploads\/2016\/10\/bus_gelb_blass-300x149.jpg 300w, https:\/\/www.avanti-autoglas.de\/wp-content\/uploads\/2016\/10\/bus_gelb_blass-400x200.jpg 400w\" sizes=\"auto, (max-width: 548px) 100vw, 548px\" \/><\/a><\/p>\n<h3 style=\"text-align: center;\">Gerne nehmen Sie mit uns <a href=\"https:\/\/www.avanti-autoglas.de\/wordpress\/?page_id=74\">Kontakt<\/a> auf!<\/h3>\n","protected":false},"excerpt":{"rendered":"<p>Sch\u00f6n, das Sie auf unsere Webseite schauen! Sie sind auf der Webseite &#8220; Avanti Autoglas&#8220; angekommen. Wir sind ein Fachbetrieb f\u00fcr Reparaturen und Instandsetzungen aller Art f\u00fcr PKW, Motorr\u00e4der &amp; Roller, insbesondere f\u00fcr die Reparaturen von Autoglas,\u00a0 im KFZ Gewerbe.\u00a0 F\u00fcr die Reparaturen stehen 2 gro\u00dfe Werkhallen mit drei Hebeb\u00fchnen zur Verf\u00fcgung. Unser Fachbetrieb garantiert [&hellip;]<\/p>\n","protected":false},"author":3,"featured_media":30,"parent":0,"menu_order":0,"comment_status":"closed","ping_status":"closed","template":"","meta":{"footnotes":""},"class_list":["post-2","page","type-page","status-publish","has-post-thumbnail","hentry"],"_links":{"self":[{"href":"https:\/\/www.avanti-autoglas.de\/index.php?rest_route=\/wp\/v2\/pages\/2","targetHints":{"allow":["GET"]}}],"collection":[{"href":"https:\/\/www.avanti-autoglas.de\/index.php?rest_route=\/wp\/v2\/pages"}],"about":[{"href":"https:\/\/www.avanti-autoglas.de\/index.php?rest_route=\/wp\/v2\/types\/page"}],"author":[{"embeddable":true,"href":"https:\/\/www.avanti-autoglas.de\/index.php?rest_route=\/wp\/v2\/users\/3"}],"replies":[{"embeddable":true,"href":"https:\/\/www.avanti-autoglas.de\/index.php?rest_route=%2Fwp%2Fv2%2Fcomments&post=2"}],"version-history":[{"count":5,"href":"https:\/\/www.avanti-autoglas.de\/index.php?rest_route=\/wp\/v2\/pages\/2\/revisions"}],"predecessor-version":[{"id":187,"href":"https:\/\/www.avanti-autoglas.de\/index.php?rest_route=\/wp\/v2\/pages\/2\/revisions\/187"}],"wp:featuredmedia":[{"embeddable":true,"href":"https:\/\/www.avanti-autoglas.de\/index.php?rest_route=\/wp\/v2\/media\/30"}],"wp:attachment":[{"href":"https:\/\/www.avanti-autoglas.de\/index.php?rest_route=%2Fwp%2Fv2%2Fmedia&parent=2"}],"curies":[{"name":"wp","href":"https:\/\/api.w.org\/{rel}","templated":true}]}}